{"id":2,"date":"2023-06-30T16:35:14","date_gmt":"2023-06-30T16:35:14","guid":{"rendered":"http:\/\/www.demirayhukuk.com.tr\/?page_id=2"},"modified":"2024-10-23T06:51:03","modified_gmt":"2024-10-23T06:51:03","slug":"sample-page","status":"publish","type":"page","link":"http:\/\/www.demirayhukuk.com.tr\/","title":{"rendered":"Anasayfa"},"content":{"rendered":"\n<p>Nazilli avukat\u0131 Yasin Alperen Demiray taraf\u0131ndan 2019 y\u0131l\u0131nda Nazilli\u2019de kurulan Demiray Hukuk B\u00fcrosu, avukatl\u0131k ve hukuki dan\u0131\u015fmanl\u0131k hizmeti vermektedir. Nazilli\u2019de bulunan hukuk b\u00fcrosunda m\u00fcvekkil ve dan\u0131\u015fanlar\u0131n ihtiya\u00e7 duydu\u011fu hukuki deste\u011fin verilmesi, hukuksal \u00e7\u00f6z\u00fcmler ve uyu\u015fmazl\u0131klar\u0131n \u00e7\u00f6z\u00fcm\u00fc ve hukuki s\u00fcre\u00e7lerin y\u00f6netimi noktas\u0131nda yard\u0131mc\u0131 olmak ama\u00e7lanmaktad\u0131r.<\/p>\n\n\n\n<p>Demiray Hukuk B\u00fcrosu ba\u015fta Ayd\u0131n ve Ayd\u0131n\u2019\u0131n il\u00e7eleri Nazilli, Bozdo\u011fan, Kuyucak, Karacasu, Buharkent, Sultanhisar, K\u00f6\u015fk, \u00c7ine, S\u00f6ke, Ku\u015fadas\u0131, Didim, Karpuzlu, Ko\u00e7arl\u0131, Yenipazar, Germencik ve \u0130ncirliova olmak \u00fczere Denizli, \u0130zmir, Mu\u011fla, Manisa gibi \u00e7evre illerde hizmet verebilmektedir.<\/p>\n\n\n\n<p>Demiray Hukuk B\u00fcrosu; \u0130n\u015faat Hukuku, \u0130cra ve \u0130flas Hukuku, Konkordato Hukuku, Kentsel D\u00f6n\u00fc\u015f\u00fcm Hukuku, Tazminat Hukuku, Vatanda\u015fl\u0131k Hukuku, Ceza Hukuku, Gayrimenkul Hukuku, Bo\u015fanma Hukuku, Velayet Hukuku, Bor\u00e7lar Hukuku, S\u00f6zle\u015fmeler Hukuku, \u015eirketler Hukuku, Vergi Hukuku, \u0130dare Hukuku, Ticaret Hukuku, \u0130\u015f ve Sosyal G\u00fcvenlik Hukuku, Miras Hukuku, Bili\u015fim Hukuku, Sa\u011fl\u0131k Hukuku gibi bir \u00e7ok alanda avukatl\u0131k ve hukuki dan\u0131\u015fmanl\u0131k faaliyetleri y\u00fcr\u00fctmektedir.<\/p>\n\n\n\n<h6 class=\"wp-block-heading has-text-align-center has-black-color has-text-color\"><\/h6>\n\n\n\n<p><\/p>\n\n\n\n<p><\/p>\n","protected":false},"excerpt":{"rendered":"<p>Nazilli avukat\u0131 Yasin Alperen Demiray taraf\u0131ndan 2019 y\u0131l\u0131nda Nazilli\u2019de kurulan Demiray Hukuk B\u00fcrosu, avukatl\u0131k ve hukuki dan\u0131\u015fmanl\u0131k hizmeti vermektedir. Nazilli\u2019de bulunan hukuk b\u00fcrosunda m\u00fcvekkil ve dan\u0131\u015fanlar\u0131n ihtiya\u00e7 duydu\u011fu hukuki deste\u011fin verilmesi, hukuksal \u00e7\u00f6z\u00fcmler ve uyu\u015fmazl\u0131klar\u0131n \u00e7\u00f6z\u00fcm\u00fc ve hukuki s\u00fcre\u00e7lerin y\u00f6netimi noktas\u0131nda yard\u0131mc\u0131 olmak ama\u00e7lanmaktad\u0131r. Demiray Hukuk B\u00fcrosu ba\u015fta Ayd\u0131n ve Ayd\u0131n\u2019\u0131n il\u00e7eleri Nazilli, Bozdo\u011fan, Kuyucak, [&hellip;]<\/p>\n","protected":false},"author":1,"featured_media":0,"parent":0,"menu_order":0,"comment_status":"closed","ping_status":"open","template":"","meta":{"footnotes":""},"class_list":["post-2","page","type-page","status-publish","hentry"],"_links":{"self":[{"href":"http:\/\/www.demirayhukuk.com.tr\/index.php\/wp-json\/wp\/v2\/pages\/2"}],"collection":[{"href":"http:\/\/www.demirayhukuk.com.tr\/index.php\/wp-json\/wp\/v2\/pages"}],"about":[{"href":"http:\/\/www.demirayhukuk.com.tr\/index.php\/wp-json\/wp\/v2\/types\/page"}],"author":[{"embeddable":true,"href":"http:\/\/www.demirayhukuk.com.tr\/index.php\/wp-json\/wp\/v2\/users\/1"}],"replies":[{"embeddable":true,"href":"http:\/\/www.demirayhukuk.com.tr\/index.php\/wp-json\/wp\/v2\/comments?post=2"}],"version-history":[{"count":9,"href":"http:\/\/www.demirayhukuk.com.tr\/index.php\/wp-json\/wp\/v2\/pages\/2\/revisions"}],"predecessor-version":[{"id":488,"href":"http:\/\/www.demirayhukuk.com.tr\/index.php\/wp-json\/wp\/v2\/pages\/2\/revisions\/488"}],"wp:attachment":[{"href":"http:\/\/www.demirayhukuk.com.tr\/index.php\/wp-json\/wp\/v2\/media?parent=2"}],"curies":[{"name":"wp","href":"https:\/\/api.w.org\/{rel}","templated":true}]}}